{"id":164,"date":"2020-07-03T11:56:15","date_gmt":"2020-07-03T09:56:15","guid":{"rendered":"https:\/\/heppie-de-peppie.nl\/najczesciej-zadawane-pytania\/"},"modified":"2023-05-02T16:14:23","modified_gmt":"2023-05-02T14:14:23","slug":"najczesciej-zadawane-pytania","status":"publish","type":"page","link":"https:\/\/heppie-de-peppie.nl\/pl\/najczesciej-zadawane-pytania\/","title":{"rendered":"Najcz\u0119\u015bciej zadawane pytania"},"content":{"rendered":"<div>\n            <div class=\"faq-block block-faq align\">\n            <div class=\"accordion-faq\" id=\"accordion-faq\">\n                    <div class=\"card no-border no-radius\">\n                <div class=\"card-header font-size-sm-p18 font-size-lg-p20 font-size-xl-p24 p-3 p-xl-4\" id=\"heading-0\" data-toggle=\"collapse\" data-target=\"#collapse-0\" aria-expanded=\"true\" aria-controls=\"collapse-0\">\n                    <span class=\"w-90 w-sm-95 d-block\">\n                        Dlaczego warto jest korzysta\u0107 z aplikacji Heppie-de-Peppie?\n                    <\/span>\n                <\/div>\n\n                <div id=\"collapse-0\" class=\"collapse show\" aria-labelledby=\"heading-0\" data-parent=\"#accordion-faq\">\n                    <div class=\"card-body p-3 p-xl-4\">\n                        \n<p>Poniewa\u017c umo\u017cliwia ona \u0142atwy i prosty kontakt z Twoim po\u015brednikiem (jak koordynator czy doradca klienta) w celu om\u00f3wienia zadowolenia z pracy, gdy jest to po\u017c\u0105dane.<\/p>\n\n                    <\/div>\n                <\/div>\n            <\/div>\n                    <div class=\"card no-border no-radius\">\n                <div class=\"card-header font-size-sm-p18 font-size-lg-p20 font-size-xl-p24 p-3 p-xl-4\" id=\"heading-1\" data-toggle=\"collapse\" data-target=\"#collapse-1\" aria-expanded=\"false\" aria-controls=\"collapse-1\">\n                    <span class=\"w-90 w-sm-95 d-block\">\n                        Jak dzia\u0142a aplikacja?\n                    <\/span>\n                <\/div>\n\n                <div id=\"collapse-1\" class=\"collapse \" aria-labelledby=\"heading-1\" data-parent=\"#accordion-faq\">\n                    <div class=\"card-body p-3 p-xl-4\">\n                        \n<p>Po poinformowaniu agencji pracy\/po\u015brednika o tym, \u017ce chcesz korzysta\u0107 z aplikacji, co tydzie\u0144 otrzymujesz 3 nowe pytania w aplikacji dotycz\u0105ce tego, jak oceniasz sw\u00f3j tydzie\u0144 w pracy. Ocena tych pyta\u0144 za pomoc\u0105 suwaka na ekranie zajmuje tylko kilka minut. Mo\u017cesz r\u00f3wnie\u017c zobaczy\u0107, jak emotikony zmieniaj\u0105 kolor i kszta\u0142t w zabawny spos\u00f3b. W celu u\u0142atwienia Ci tego.<\/p>\n\n                    <\/div>\n                <\/div>\n            <\/div>\n                    <div class=\"card no-border no-radius\">\n                <div class=\"card-header font-size-sm-p18 font-size-lg-p20 font-size-xl-p24 p-3 p-xl-4\" id=\"heading-2\" data-toggle=\"collapse\" data-target=\"#collapse-2\" aria-expanded=\"false\" aria-controls=\"collapse-2\">\n                    <span class=\"w-90 w-sm-95 d-block\">\n                        Czy musz\u0119 korzysta\u0107 z aplikacji, gdy po\u015brednik o to prosi?\n                    <\/span>\n                <\/div>\n\n                <div id=\"collapse-2\" class=\"collapse \" aria-labelledby=\"heading-2\" data-parent=\"#accordion-faq\">\n                    <div class=\"card-body p-3 p-xl-4\">\n                        \n<p>Nie! Korzystanie z aplikacji jest ca\u0142kowicie dobrowolne. Rozumiemy, dlaczego organizacja o to prosi. Chc\u0105 wiedzie\u0107 o Twoich wzlotach i upadkach. I mog\u0105 Ci pom\u00f3c w razie potrzeby. Dzi\u0119ki temu Twoja sytuacja mo\u017ce si\u0119 tylko polepszy\u0107!<\/p>\n\n                    <\/div>\n                <\/div>\n            <\/div>\n                    <div class=\"card no-border no-radius\">\n                <div class=\"card-header font-size-sm-p18 font-size-lg-p20 font-size-xl-p24 p-3 p-xl-4\" id=\"heading-3\" data-toggle=\"collapse\" data-target=\"#collapse-3\" aria-expanded=\"false\" aria-controls=\"collapse-3\">\n                    <span class=\"w-90 w-sm-95 d-block\">\n                        M\u00f3j po\u015brednik nie korzysta z Heppie-de-Peppie. W jaki spos\u00f3b mo\u017cna sta\u0107 si\u0119 jej u\u017cytkownikiem?\n                    <\/span>\n                <\/div>\n\n                <div id=\"collapse-3\" class=\"collapse \" aria-labelledby=\"heading-3\" data-parent=\"#accordion-faq\">\n                    <div class=\"card-body p-3 p-xl-4\">\n                        \n<p>Mo\u017cesz poinformowa\u0107 agencj\u0119 zatrudnienia\/po\u015brednictwa pracy, kt\u00f3ra Ci\u0119 zatrudnia o istnieniu aplikacji i poprosi\u0107 o zarejestrowanie si\u0119 w niej. Mog\u0105 nas o tym powiadomi\u0107 za po\u015brednictwem strony <a href=\"http:\/\/www.iSeleQt.com\">www.iSeleQt.com<\/a> lub wysy\u0142aj\u0105c wiadomo\u015b\u0107 e-mail na adres <a href=\"mailto:werkgeluk@iSeleQt.com\">werkgeluk@iSeleQt.com<\/a>.<\/p>\n\n                    <\/div>\n                <\/div>\n            <\/div>\n                    <div class=\"card no-border no-radius\">\n                <div class=\"card-header font-size-sm-p18 font-size-lg-p20 font-size-xl-p24 p-3 p-xl-4\" id=\"heading-4\" data-toggle=\"collapse\" data-target=\"#collapse-4\" aria-expanded=\"false\" aria-controls=\"collapse-4\">\n                    <span class=\"w-90 w-sm-95 d-block\">\n                        W jakich j\u0119zykach dost\u0119pna jest aplikacja Heppie-de-Peppie?\n                    <\/span>\n                <\/div>\n\n                <div id=\"collapse-4\" class=\"collapse \" aria-labelledby=\"heading-4\" data-parent=\"#accordion-faq\">\n                    <div class=\"card-body p-3 p-xl-4\">\n                        \n<p>Aplikacja jest dost\u0119pna w j\u0119zyku niderlandzkim, angielskim i polskim. Je\u015bli chcesz z niej korzysta\u0107 w innym j\u0119zyku, poinformuj o tym osob\u0119 do kontaktu. Nast\u0119pnie wsp\u00f3lnie przyjrzymy si\u0119 mo\u017cliwo\u015bciom. <\/p>\n\n                    <\/div>\n                <\/div>\n            <\/div>\n                    <div class=\"card no-border no-radius\">\n                <div class=\"card-header font-size-sm-p18 font-size-lg-p20 font-size-xl-p24 p-3 p-xl-4\" id=\"heading-5\" data-toggle=\"collapse\" data-target=\"#collapse-5\" aria-expanded=\"false\" aria-controls=\"collapse-5\">\n                    <span class=\"w-90 w-sm-95 d-block\">\n                        W jaki spos\u00f3b wykorzystywane s\u0105 moje wyniki uzyskiwane w aplikacji?\n                    <\/span>\n                <\/div>\n\n                <div id=\"collapse-5\" class=\"collapse \" aria-labelledby=\"heading-5\" data-parent=\"#accordion-faq\">\n                    <div class=\"card-body p-3 p-xl-4\">\n                        \n<p>Aplikacja ma przede wszystkim s\u0142u\u017cy\u0107 Tobie! Po dokonaniu oceny 3 pyta\u0144 otrzymujesz informacje zwrotne i wskaz\u00f3wki. Ponadto mo\u017cesz zobaczy\u0107 na swoim \u201ewykresie heppie\u201d, jakich ocen dokona\u0142e\u015b w ci\u0105gu ostatnich 3 tygodni. Uzyskujesz wtedy dobry obraz tego, jak oceniasz zadowolenie z pracy przez d\u0142u\u017cszy okres.<\/p>\n\n<p>Ponadto po\u015brednik ma r\u00f3wnie\u017c dost\u0119p do Twoich wynik\u00f3w, aby m\u00f3g\u0142 si\u0119 z Tob\u0105 skontaktowa\u0107, je\u015bli sprawy nie uk\u0142adaj\u0105 si\u0119 dobrze. Wspaniale, \u017ce nie musisz samodzielnie radzi\u0107 sobie z trudno\u015bciami! <\/p>\n\n                    <\/div>\n                <\/div>\n            <\/div>\n                    <div class=\"card no-border no-radius\">\n                <div class=\"card-header font-size-sm-p18 font-size-lg-p20 font-size-xl-p24 p-3 p-xl-4\" id=\"heading-6\" data-toggle=\"collapse\" data-target=\"#collapse-6\" aria-expanded=\"false\" aria-controls=\"collapse-6\">\n                    <span class=\"w-90 w-sm-95 d-block\">\n                        Jak d\u0142ugo mog\u0119 korzysta\u0107 z aplikacji?\n                    <\/span>\n                <\/div>\n\n                <div id=\"collapse-6\" class=\"collapse \" aria-labelledby=\"heading-6\" data-parent=\"#accordion-faq\">\n                    <div class=\"card-body p-3 p-xl-4\">\n                        \n<p>Mo\u017cesz korzysta\u0107 z aplikacji tak d\u0142ugo, jak wskaza\u0142a organizacja. Decyzja nale\u017cy do Ciebie i Twojej osoby do kontaktu (po\u015brednik, doradca klienta). Zar\u00f3wno Ty, jak i organizacja mo\u017cecie podj\u0105\u0107 decyzj\u0119 o (tymczasowym) wstrzymaniu korzystania z aplikacji. Om\u00f3w swoje \u017cyczenia i potrzeby z osob\u0105 do kontaktu. <\/p>\n\n                    <\/div>\n                <\/div>\n            <\/div>\n            <\/div>\n        <\/div>\n    <\/div>\n<div style=\"height:50px\" aria-hidden=\"true\" class=\"wp-block-spacer\"><\/div>\n\n<h3 class=\"has-text-align-center wp-block-heading\">Masz jeszcze pytania?<\/h3>\n\n<p class=\"has-text-align-center\">Zadaj je bezpo\u015brednio Twojej osobie do kontaktu w agencji zatrudnienia lub po\u015brednictwa pracy.<\/p>\n","protected":false},"excerpt":{"rendered":"<p>Masz jeszcze pytania? Zadaj je bezpo\u015brednio Twojej osobie do kontaktu w agencji zatrudnienia lub po\u015brednictwa pracy.<\/p>\n","protected":false},"author":1,"featured_media":0,"parent":0,"menu_order":4,"comment_status":"closed","ping_status":"closed","template":"template-small.blade.php","meta":{"inline_featured_image":false},"acf":[],"yoast_head":"<!-- This site is optimized with the Yoast SEO plugin v20.6 - https:\/\/yoast.com\/wordpress\/plugins\/seo\/ -->\n<title>Najcz\u0119\u015bciej zadawane pytania - Heppie de Peppie<\/title>\n<meta name=\"robots\" content=\"index, follow, max-snippet:-1, max-image-preview:large, max-video-preview:-1\" \/>\n<link rel=\"canonical\" href=\"https:\/\/heppie-de-peppie.nl\/pl\/najczesciej-zadawane-pytania\/\" \/>\n<meta property=\"og:locale\" content=\"pl_PL\" \/>\n<meta property=\"og:type\" content=\"article\" \/>\n<meta property=\"og:title\" content=\"Najcz\u0119\u015bciej zadawane pytania - Heppie de Peppie\" \/>\n<meta property=\"og:description\" content=\"Masz jeszcze pytania? Zadaj je bezpo\u015brednio Twojej osobie do kontaktu w agencji zatrudnienia lub po\u015brednictwa pracy.\" \/>\n<meta property=\"og:url\" content=\"https:\/\/heppie-de-peppie.nl\/pl\/najczesciej-zadawane-pytania\/\" \/>\n<meta property=\"og:site_name\" content=\"Heppie de Peppie\" \/>\n<meta property=\"article:modified_time\" content=\"2023-05-02T14:14:23+00:00\" \/>\n<meta property=\"og:image\" content=\"https:\/\/heppie-de-peppie.nl\/app\/uploads\/2020\/07\/hdp-fb-open-graph.jpg\" \/>\n\t<meta property=\"og:image:width\" content=\"1200\" \/>\n\t<meta property=\"og:image:height\" content=\"630\" \/>\n\t<meta property=\"og:image:type\" content=\"image\/jpeg\" \/>\n<meta name=\"twitter:card\" content=\"summary_large_image\" \/>\n<script type=\"application\/ld+json\" class=\"yoast-schema-graph\">{\"@context\":\"https:\/\/schema.org\",\"@graph\":[{\"@type\":\"WebPage\",\"@id\":\"https:\/\/heppie-de-peppie.nl\/pl\/najczesciej-zadawane-pytania\/\",\"url\":\"https:\/\/heppie-de-peppie.nl\/pl\/najczesciej-zadawane-pytania\/\",\"name\":\"Najcz\u0119\u015bciej zadawane pytania - Heppie de Peppie\",\"isPartOf\":{\"@id\":\"https:\/\/heppie-de-peppie.nl\/pl\/#website\"},\"datePublished\":\"2020-07-03T09:56:15+00:00\",\"dateModified\":\"2023-05-02T14:14:23+00:00\",\"breadcrumb\":{\"@id\":\"https:\/\/heppie-de-peppie.nl\/pl\/najczesciej-zadawane-pytania\/#breadcrumb\"},\"inLanguage\":\"pl-PL\",\"potentialAction\":[{\"@type\":\"ReadAction\",\"target\":[\"https:\/\/heppie-de-peppie.nl\/pl\/najczesciej-zadawane-pytania\/\"]}]},{\"@type\":\"BreadcrumbList\",\"@id\":\"https:\/\/heppie-de-peppie.nl\/pl\/najczesciej-zadawane-pytania\/#breadcrumb\",\"itemListElement\":[{\"@type\":\"ListItem\",\"position\":1,\"name\":\"Home\",\"item\":\"https:\/\/heppie-de-peppie.nl\/pl\/\"},{\"@type\":\"ListItem\",\"position\":2,\"name\":\"Najcz\u0119\u015bciej zadawane pytania\"}]},{\"@type\":\"WebSite\",\"@id\":\"https:\/\/heppie-de-peppie.nl\/pl\/#website\",\"url\":\"https:\/\/heppie-de-peppie.nl\/pl\/\",\"name\":\"Heppie de Peppie\",\"description\":\"Meer werkgeluk, minder verzuim!\",\"publisher\":{\"@id\":\"https:\/\/heppie-de-peppie.nl\/pl\/#organization\"},\"potentialAction\":[{\"@type\":\"SearchAction\",\"target\":{\"@type\":\"EntryPoint\",\"urlTemplate\":\"https:\/\/heppie-de-peppie.nl\/pl\/?s={search_term_string}\"},\"query-input\":\"required name=search_term_string\"}],\"inLanguage\":\"pl-PL\"},{\"@type\":\"Organization\",\"@id\":\"https:\/\/heppie-de-peppie.nl\/pl\/#organization\",\"name\":\"Heppie-de-Peppie\",\"url\":\"https:\/\/heppie-de-peppie.nl\/pl\/\",\"logo\":{\"@type\":\"ImageObject\",\"inLanguage\":\"pl-PL\",\"@id\":\"https:\/\/heppie-de-peppie.nl\/pl\/#\/schema\/logo\/image\/\",\"url\":\"https:\/\/heppie-de-peppie.nl\/app\/uploads\/2020\/07\/logo-hdp.svg\",\"contentUrl\":\"https:\/\/heppie-de-peppie.nl\/app\/uploads\/2020\/07\/logo-hdp.svg\",\"width\":1024,\"height\":1024,\"caption\":\"Heppie-de-Peppie\"},\"image\":{\"@id\":\"https:\/\/heppie-de-peppie.nl\/pl\/#\/schema\/logo\/image\/\"}}]}<\/script>\n<!-- \/ Yoast SEO plugin. -->","yoast_head_json":{"title":"Najcz\u0119\u015bciej zadawane pytania - Heppie de Peppie","robots":{"index":"index","follow":"follow","max-snippet":"max-snippet:-1","max-image-preview":"max-image-preview:large","max-video-preview":"max-video-preview:-1"},"canonical":"https:\/\/heppie-de-peppie.nl\/pl\/najczesciej-zadawane-pytania\/","og_locale":"pl_PL","og_type":"article","og_title":"Najcz\u0119\u015bciej zadawane pytania - Heppie de Peppie","og_description":"Masz jeszcze pytania? Zadaj je bezpo\u015brednio Twojej osobie do kontaktu w agencji zatrudnienia lub po\u015brednictwa pracy.","og_url":"https:\/\/heppie-de-peppie.nl\/pl\/najczesciej-zadawane-pytania\/","og_site_name":"Heppie de Peppie","article_modified_time":"2023-05-02T14:14:23+00:00","og_image":[{"width":1200,"height":630,"url":"https:\/\/heppie-de-peppie.nl\/app\/uploads\/2020\/07\/hdp-fb-open-graph.jpg","type":"image\/jpeg"}],"twitter_card":"summary_large_image","schema":{"@context":"https:\/\/schema.org","@graph":[{"@type":"WebPage","@id":"https:\/\/heppie-de-peppie.nl\/pl\/najczesciej-zadawane-pytania\/","url":"https:\/\/heppie-de-peppie.nl\/pl\/najczesciej-zadawane-pytania\/","name":"Najcz\u0119\u015bciej zadawane pytania - Heppie de Peppie","isPartOf":{"@id":"https:\/\/heppie-de-peppie.nl\/pl\/#website"},"datePublished":"2020-07-03T09:56:15+00:00","dateModified":"2023-05-02T14:14:23+00:00","breadcrumb":{"@id":"https:\/\/heppie-de-peppie.nl\/pl\/najczesciej-zadawane-pytania\/#breadcrumb"},"inLanguage":"pl-PL","potentialAction":[{"@type":"ReadAction","target":["https:\/\/heppie-de-peppie.nl\/pl\/najczesciej-zadawane-pytania\/"]}]},{"@type":"BreadcrumbList","@id":"https:\/\/heppie-de-peppie.nl\/pl\/najczesciej-zadawane-pytania\/#breadcrumb","itemListElement":[{"@type":"ListItem","position":1,"name":"Home","item":"https:\/\/heppie-de-peppie.nl\/pl\/"},{"@type":"ListItem","position":2,"name":"Najcz\u0119\u015bciej zadawane pytania"}]},{"@type":"WebSite","@id":"https:\/\/heppie-de-peppie.nl\/pl\/#website","url":"https:\/\/heppie-de-peppie.nl\/pl\/","name":"Heppie de Peppie","description":"Meer werkgeluk, minder verzuim!","publisher":{"@id":"https:\/\/heppie-de-peppie.nl\/pl\/#organization"},"potentialAction":[{"@type":"SearchAction","target":{"@type":"EntryPoint","urlTemplate":"https:\/\/heppie-de-peppie.nl\/pl\/?s={search_term_string}"},"query-input":"required name=search_term_string"}],"inLanguage":"pl-PL"},{"@type":"Organization","@id":"https:\/\/heppie-de-peppie.nl\/pl\/#organization","name":"Heppie-de-Peppie","url":"https:\/\/heppie-de-peppie.nl\/pl\/","logo":{"@type":"ImageObject","inLanguage":"pl-PL","@id":"https:\/\/heppie-de-peppie.nl\/pl\/#\/schema\/logo\/image\/","url":"https:\/\/heppie-de-peppie.nl\/app\/uploads\/2020\/07\/logo-hdp.svg","contentUrl":"https:\/\/heppie-de-peppie.nl\/app\/uploads\/2020\/07\/logo-hdp.svg","width":1024,"height":1024,"caption":"Heppie-de-Peppie"},"image":{"@id":"https:\/\/heppie-de-peppie.nl\/pl\/#\/schema\/logo\/image\/"}}]}},"_links":{"self":[{"href":"https:\/\/heppie-de-peppie.nl\/pl\/wp-json\/wp\/v2\/pages\/164"}],"collection":[{"href":"https:\/\/heppie-de-peppie.nl\/pl\/wp-json\/wp\/v2\/pages"}],"about":[{"href":"https:\/\/heppie-de-peppie.nl\/pl\/wp-json\/wp\/v2\/types\/page"}],"author":[{"embeddable":true,"href":"https:\/\/heppie-de-peppie.nl\/pl\/wp-json\/wp\/v2\/users\/1"}],"replies":[{"embeddable":true,"href":"https:\/\/heppie-de-peppie.nl\/pl\/wp-json\/wp\/v2\/comments?post=164"}],"version-history":[{"count":1,"href":"https:\/\/heppie-de-peppie.nl\/pl\/wp-json\/wp\/v2\/pages\/164\/revisions"}],"predecessor-version":[{"id":165,"href":"https:\/\/heppie-de-peppie.nl\/pl\/wp-json\/wp\/v2\/pages\/164\/revisions\/165"}],"wp:attachment":[{"href":"https:\/\/heppie-de-peppie.nl\/pl\/wp-json\/wp\/v2\/media?parent=164"}],"curies":[{"name":"wp","href":"https:\/\/api.w.org\/{rel}","templated":true}]}}