{"id":174,"date":"2020-07-03T11:56:42","date_gmt":"2020-07-03T09:56:42","guid":{"rendered":"https:\/\/heppie-de-peppie.nl\/masz-jeszcze-pytania\/"},"modified":"2023-05-02T16:20:44","modified_gmt":"2023-05-02T14:20:44","slug":"masz-jeszcze-pytania","status":"publish","type":"page","link":"https:\/\/heppie-de-peppie.nl\/pl\/masz-jeszcze-pytania\/","title":{"rendered":"Masz jeszcze pytania?"},"content":{"rendered":"\n<p>Zadaj swoje pytania bezpo\u015brednio osobie do kontaktu w Twojej agencji pracy tymczasowej, firmie oddelegowuj\u0105cej lub po\u015brednikowi prowadz\u0105cemu dzia\u0142alno\u015b\u0107 na w\u0142asny rachunek. Dane kontaktowe znajdziesz w aplikacji.<\/p>\n\n<p>Nie wiesz z kim si\u0119 skontaktowa\u0107? Wype\u0142nij poni\u017cszy formularz, a my skontaktujemy si\u0119 z Tob\u0105.<\/p>\n\n<div style=\"height:20px\" aria-hidden=\"true\" class=\"wp-block-spacer\"><\/div>\n\n<div class=\"wpcf7 no-js\" id=\"wpcf7-f180-o1\" lang=\"pl-PL\" dir=\"ltr\">\n<div class=\"screen-reader-response\"><p role=\"status\" aria-live=\"polite\" aria-atomic=\"true\"><\/p> <ul><\/ul><\/div>\n<form action=\"\/pl\/wp-json\/wp\/v2\/pages\/174#wpcf7-f180-o1\" method=\"post\" class=\"wpcf7-form init\" aria-label=\"Contact form\" novalidate=\"novalidate\" data-status=\"init\">\n<div style=\"display: none;\">\n<input type=\"hidden\" name=\"_wpcf7\" value=\"180\" \/>\n<input type=\"hidden\" name=\"_wpcf7_version\" value=\"5.7.6\" \/>\n<input type=\"hidden\" name=\"_wpcf7_locale\" value=\"pl_PL\" \/>\n<input type=\"hidden\" name=\"_wpcf7_unit_tag\" value=\"wpcf7-f180-o1\" \/>\n<input type=\"hidden\" name=\"_wpcf7_container_post\" value=\"0\" \/>\n<input type=\"hidden\" name=\"_wpcf7_posted_data_hash\" value=\"\" \/>\n<input type=\"hidden\" name=\"_wpcf7_recaptcha_response\" value=\"\" \/>\n<\/div>\n<div class=\"wpcf7-response-output\" aria-hidden=\"true\"><\/div>\n<div class=\"row mb-3 mb-xl-4\">\n\t<div class=\"col-md-6\">\n\t\t<div class=\"form-group\">\n\t\t\t<p><span class=\"wpcf7-form-control-wrap\" data-name=\"your-firstname\"><input size=\"40\" class=\"wpcf7-form-control wpcf7-text wpcf7-validates-as-required form-control form-control-lg\" id=\"your-firstname\" aria-required=\"true\" aria-invalid=\"false\" placeholder=\"Imi\u0119 *\" value=\"\" type=\"text\" name=\"your-firstname\" \/><\/span>\n\t\t\t<\/p>\n\t\t<\/div>\n\t<\/div>\n\t<div class=\"col-md-6\">\n\t\t<div class=\"form-group\">\n\t\t\t<p><span class=\"wpcf7-form-control-wrap\" data-name=\"your-lastname\"><input size=\"40\" class=\"wpcf7-form-control wpcf7-text wpcf7-validates-as-required form-control form-control-lg\" id=\"your-lastname\" aria-required=\"true\" aria-invalid=\"false\" placeholder=\"Nazwisko *\" value=\"\" type=\"text\" name=\"your-lastname\" \/><\/span>\n\t\t\t<\/p>\n\t\t<\/div>\n\t<\/div>\n<\/div>\n<div class=\"row mb-3 mb-xl-4\">\n\t<div class=\"col-md-6\">\n\t\t<div class=\"form-group\">\n\t\t\t<p><span class=\"wpcf7-form-control-wrap\" data-name=\"your-email\"><input size=\"40\" class=\"wpcf7-form-control wpcf7-text wpcf7-email wpcf7-validates-as-required wpcf7-validates-as-email form-control form-control-lg\" id=\"your-email\" aria-required=\"true\" aria-invalid=\"false\" placeholder=\"Adres e-mail *\" value=\"\" type=\"email\" name=\"your-email\" \/><\/span>\n\t\t\t<\/p>\n\t\t<\/div>\n\t<\/div>\n\t<div class=\"col-md-6\">\n\t\t<div class=\"form-group\">\n\t\t\t<p><span class=\"wpcf7-form-control-wrap\" data-name=\"your-phone\"><input size=\"40\" class=\"wpcf7-form-control wpcf7-text wpcf7-validates-as-required form-control form-control-lg\" id=\"your-phone\" aria-required=\"true\" aria-invalid=\"false\" placeholder=\"Numer telefonu *\" value=\"\" type=\"text\" name=\"your-phone\" \/><\/span>\n\t\t\t<\/p>\n\t\t<\/div>\n\t<\/div>\n<\/div>\n<div class=\"row mb-3 mb-xl-4\">\n\t<div class=\"col-md-6\">\n\t\t<div class=\"form-group\">\n\t\t\t<p><span class=\"wpcf7-form-control-wrap\" data-name=\"name-intermediair\"><input size=\"40\" class=\"wpcf7-form-control wpcf7-text wpcf7-validates-as-required form-control form-control-lg\" id=\"name-intermediair\" aria-required=\"true\" aria-invalid=\"false\" placeholder=\"Imi\u0119 i nazwisko po\u015brednika *\" value=\"\" type=\"text\" name=\"name-intermediair\" \/><\/span>\n\t\t\t<\/p>\n\t\t<\/div>\n\t<\/div>\n\t<div class=\"col-md-6\">\n\t\t<div class=\"form-group\">\n\t\t\t<p><span class=\"wpcf7-form-control-wrap\" data-name=\"name-contact-person\"><input size=\"40\" class=\"wpcf7-form-control wpcf7-text wpcf7-validates-as-required form-control form-control-lg\" id=\"name-contact-person\" aria-required=\"true\" aria-invalid=\"false\" placeholder=\"Imi\u0119 i nazwisko osoby do kontaktu *\" value=\"\" type=\"text\" name=\"name-contact-person\" \/><\/span>\n\t\t\t<\/p>\n\t\t<\/div>\n\t<\/div>\n<\/div>\n<div class=\"row mb-3 mb-xl-4\">\n\t<div class=\"col-12\">\n\t\t<div class=\"form-group\">\n\t\t\t<p><span class=\"wpcf7-form-control-wrap\" data-name=\"your-message\"><textarea cols=\"40\" rows=\"10\" class=\"wpcf7-form-control wpcf7-textarea form-control form-control-lg\" aria-invalid=\"false\" placeholder=\"Wiadomo\u015b\u0107\" name=\"your-message\"><\/textarea><\/span>\n\t\t\t<\/p>\n\t\t<\/div>\n\t<\/div>\n<\/div>\n<div class=\"row\">\n\t<div class=\"col-12\">\n\t\t<p class=\"font-size-p14\">U\u017cywamy Twoich danych wy\u0142\u0105cznie do kontaktu z Tob\u0105. Wszystkie pola oznaczone * s\u0105 polami wymaganymi.\n\t\t<\/p>\n\t\t<p><input class=\"wpcf7-form-control has-spinner wpcf7-submit btn btn-s btn-md-normal btn-lg-m btn-xxxl-l btn-secondary\" type=\"submit\" value=\"Wy\u015blij\" \/>\n\t\t<\/p>\n\t<\/div>\n<\/div>\n<\/form>\n<\/div>\n\n","protected":false},"excerpt":{"rendered":"<p>Zadaj swoje pytania bezpo\u015brednio osobie do kontaktu w Twojej agencji pracy tymczasowej, firmie oddelegowuj\u0105cej lub po\u015brednikowi prowadz\u0105cemu dzia\u0142alno\u015b\u0107 na w\u0142asny rachunek. Dane kontaktowe znajdziesz w aplikacji. Nie wiesz z kim si\u0119 skontaktowa\u0107? Wype\u0142nij poni\u017cszy formularz, a my skontaktujemy si\u0119 z Tob\u0105.<\/p>\n","protected":false},"author":1,"featured_media":0,"parent":0,"menu_order":5,"comment_status":"closed","ping_status":"closed","template":"template-contact.blade.php","meta":{"inline_featured_image":false},"acf":[],"yoast_head":"<!-- This site is optimized with the Yoast SEO plugin v20.6 - https:\/\/yoast.com\/wordpress\/plugins\/seo\/ -->\n<title>Masz jeszcze pytania? - Heppie de Peppie<\/title>\n<meta name=\"robots\" content=\"index, follow, max-snippet:-1, max-image-preview:large, max-video-preview:-1\" \/>\n<link rel=\"canonical\" href=\"https:\/\/heppie-de-peppie.nl\/pl\/masz-jeszcze-pytania\/\" \/>\n<meta property=\"og:locale\" content=\"pl_PL\" \/>\n<meta property=\"og:type\" content=\"article\" \/>\n<meta property=\"og:title\" content=\"Masz jeszcze pytania? - Heppie de Peppie\" \/>\n<meta property=\"og:description\" content=\"Zadaj swoje pytania bezpo\u015brednio osobie do kontaktu w Twojej agencji pracy tymczasowej, firmie oddelegowuj\u0105cej lub po\u015brednikowi prowadz\u0105cemu dzia\u0142alno\u015b\u0107 na w\u0142asny rachunek. Dane kontaktowe znajdziesz w aplikacji. Nie wiesz z kim si\u0119 skontaktowa\u0107? Wype\u0142nij poni\u017cszy formularz, a my skontaktujemy si\u0119 z Tob\u0105.\" \/>\n<meta property=\"og:url\" content=\"https:\/\/heppie-de-peppie.nl\/pl\/masz-jeszcze-pytania\/\" \/>\n<meta property=\"og:site_name\" content=\"Heppie de Peppie\" \/>\n<meta property=\"article:modified_time\" content=\"2023-05-02T14:20:44+00:00\" \/>\n<meta property=\"og:image\" content=\"https:\/\/heppie-de-peppie.nl\/app\/uploads\/2020\/07\/hdp-fb-open-graph.jpg\" \/>\n\t<meta property=\"og:image:width\" content=\"1200\" \/>\n\t<meta property=\"og:image:height\" content=\"630\" \/>\n\t<meta property=\"og:image:type\" content=\"image\/jpeg\" \/>\n<meta name=\"twitter:card\" content=\"summary_large_image\" \/>\n<script type=\"application\/ld+json\" class=\"yoast-schema-graph\">{\"@context\":\"https:\/\/schema.org\",\"@graph\":[{\"@type\":\"WebPage\",\"@id\":\"https:\/\/heppie-de-peppie.nl\/pl\/masz-jeszcze-pytania\/\",\"url\":\"https:\/\/heppie-de-peppie.nl\/pl\/masz-jeszcze-pytania\/\",\"name\":\"Masz jeszcze pytania? - Heppie de Peppie\",\"isPartOf\":{\"@id\":\"https:\/\/heppie-de-peppie.nl\/pl\/#website\"},\"datePublished\":\"2020-07-03T09:56:42+00:00\",\"dateModified\":\"2023-05-02T14:20:44+00:00\",\"breadcrumb\":{\"@id\":\"https:\/\/heppie-de-peppie.nl\/pl\/masz-jeszcze-pytania\/#breadcrumb\"},\"inLanguage\":\"pl-PL\",\"potentialAction\":[{\"@type\":\"ReadAction\",\"target\":[\"https:\/\/heppie-de-peppie.nl\/pl\/masz-jeszcze-pytania\/\"]}]},{\"@type\":\"BreadcrumbList\",\"@id\":\"https:\/\/heppie-de-peppie.nl\/pl\/masz-jeszcze-pytania\/#breadcrumb\",\"itemListElement\":[{\"@type\":\"ListItem\",\"position\":1,\"name\":\"Home\",\"item\":\"https:\/\/heppie-de-peppie.nl\/pl\/\"},{\"@type\":\"ListItem\",\"position\":2,\"name\":\"Masz jeszcze pytania?\"}]},{\"@type\":\"WebSite\",\"@id\":\"https:\/\/heppie-de-peppie.nl\/pl\/#website\",\"url\":\"https:\/\/heppie-de-peppie.nl\/pl\/\",\"name\":\"Heppie de Peppie\",\"description\":\"Meer werkgeluk, minder verzuim!\",\"publisher\":{\"@id\":\"https:\/\/heppie-de-peppie.nl\/pl\/#organization\"},\"potentialAction\":[{\"@type\":\"SearchAction\",\"target\":{\"@type\":\"EntryPoint\",\"urlTemplate\":\"https:\/\/heppie-de-peppie.nl\/pl\/?s={search_term_string}\"},\"query-input\":\"required name=search_term_string\"}],\"inLanguage\":\"pl-PL\"},{\"@type\":\"Organization\",\"@id\":\"https:\/\/heppie-de-peppie.nl\/pl\/#organization\",\"name\":\"Heppie-de-Peppie\",\"url\":\"https:\/\/heppie-de-peppie.nl\/pl\/\",\"logo\":{\"@type\":\"ImageObject\",\"inLanguage\":\"pl-PL\",\"@id\":\"https:\/\/heppie-de-peppie.nl\/pl\/#\/schema\/logo\/image\/\",\"url\":\"https:\/\/heppie-de-peppie.nl\/app\/uploads\/2020\/07\/logo-hdp.svg\",\"contentUrl\":\"https:\/\/heppie-de-peppie.nl\/app\/uploads\/2020\/07\/logo-hdp.svg\",\"width\":1024,\"height\":1024,\"caption\":\"Heppie-de-Peppie\"},\"image\":{\"@id\":\"https:\/\/heppie-de-peppie.nl\/pl\/#\/schema\/logo\/image\/\"}}]}<\/script>\n<!-- \/ Yoast SEO plugin. -->","yoast_head_json":{"title":"Masz jeszcze pytania? - Heppie de Peppie","robots":{"index":"index","follow":"follow","max-snippet":"max-snippet:-1","max-image-preview":"max-image-preview:large","max-video-preview":"max-video-preview:-1"},"canonical":"https:\/\/heppie-de-peppie.nl\/pl\/masz-jeszcze-pytania\/","og_locale":"pl_PL","og_type":"article","og_title":"Masz jeszcze pytania? - Heppie de Peppie","og_description":"Zadaj swoje pytania bezpo\u015brednio osobie do kontaktu w Twojej agencji pracy tymczasowej, firmie oddelegowuj\u0105cej lub po\u015brednikowi prowadz\u0105cemu dzia\u0142alno\u015b\u0107 na w\u0142asny rachunek. Dane kontaktowe znajdziesz w aplikacji. Nie wiesz z kim si\u0119 skontaktowa\u0107? Wype\u0142nij poni\u017cszy formularz, a my skontaktujemy si\u0119 z Tob\u0105.","og_url":"https:\/\/heppie-de-peppie.nl\/pl\/masz-jeszcze-pytania\/","og_site_name":"Heppie de Peppie","article_modified_time":"2023-05-02T14:20:44+00:00","og_image":[{"width":1200,"height":630,"url":"https:\/\/heppie-de-peppie.nl\/app\/uploads\/2020\/07\/hdp-fb-open-graph.jpg","type":"image\/jpeg"}],"twitter_card":"summary_large_image","schema":{"@context":"https:\/\/schema.org","@graph":[{"@type":"WebPage","@id":"https:\/\/heppie-de-peppie.nl\/pl\/masz-jeszcze-pytania\/","url":"https:\/\/heppie-de-peppie.nl\/pl\/masz-jeszcze-pytania\/","name":"Masz jeszcze pytania? - Heppie de Peppie","isPartOf":{"@id":"https:\/\/heppie-de-peppie.nl\/pl\/#website"},"datePublished":"2020-07-03T09:56:42+00:00","dateModified":"2023-05-02T14:20:44+00:00","breadcrumb":{"@id":"https:\/\/heppie-de-peppie.nl\/pl\/masz-jeszcze-pytania\/#breadcrumb"},"inLanguage":"pl-PL","potentialAction":[{"@type":"ReadAction","target":["https:\/\/heppie-de-peppie.nl\/pl\/masz-jeszcze-pytania\/"]}]},{"@type":"BreadcrumbList","@id":"https:\/\/heppie-de-peppie.nl\/pl\/masz-jeszcze-pytania\/#breadcrumb","itemListElement":[{"@type":"ListItem","position":1,"name":"Home","item":"https:\/\/heppie-de-peppie.nl\/pl\/"},{"@type":"ListItem","position":2,"name":"Masz jeszcze pytania?"}]},{"@type":"WebSite","@id":"https:\/\/heppie-de-peppie.nl\/pl\/#website","url":"https:\/\/heppie-de-peppie.nl\/pl\/","name":"Heppie de Peppie","description":"Meer werkgeluk, minder verzuim!","publisher":{"@id":"https:\/\/heppie-de-peppie.nl\/pl\/#organization"},"potentialAction":[{"@type":"SearchAction","target":{"@type":"EntryPoint","urlTemplate":"https:\/\/heppie-de-peppie.nl\/pl\/?s={search_term_string}"},"query-input":"required name=search_term_string"}],"inLanguage":"pl-PL"},{"@type":"Organization","@id":"https:\/\/heppie-de-peppie.nl\/pl\/#organization","name":"Heppie-de-Peppie","url":"https:\/\/heppie-de-peppie.nl\/pl\/","logo":{"@type":"ImageObject","inLanguage":"pl-PL","@id":"https:\/\/heppie-de-peppie.nl\/pl\/#\/schema\/logo\/image\/","url":"https:\/\/heppie-de-peppie.nl\/app\/uploads\/2020\/07\/logo-hdp.svg","contentUrl":"https:\/\/heppie-de-peppie.nl\/app\/uploads\/2020\/07\/logo-hdp.svg","width":1024,"height":1024,"caption":"Heppie-de-Peppie"},"image":{"@id":"https:\/\/heppie-de-peppie.nl\/pl\/#\/schema\/logo\/image\/"}}]}},"_links":{"self":[{"href":"https:\/\/heppie-de-peppie.nl\/pl\/wp-json\/wp\/v2\/pages\/174"}],"collection":[{"href":"https:\/\/heppie-de-peppie.nl\/pl\/wp-json\/wp\/v2\/pages"}],"about":[{"href":"https:\/\/heppie-de-peppie.nl\/pl\/wp-json\/wp\/v2\/types\/page"}],"author":[{"embeddable":true,"href":"https:\/\/heppie-de-peppie.nl\/pl\/wp-json\/wp\/v2\/users\/1"}],"replies":[{"embeddable":true,"href":"https:\/\/heppie-de-peppie.nl\/pl\/wp-json\/wp\/v2\/comments?post=174"}],"version-history":[{"count":1,"href":"https:\/\/heppie-de-peppie.nl\/pl\/wp-json\/wp\/v2\/pages\/174\/revisions"}],"predecessor-version":[{"id":175,"href":"https:\/\/heppie-de-peppie.nl\/pl\/wp-json\/wp\/v2\/pages\/174\/revisions\/175"}],"wp:attachment":[{"href":"https:\/\/heppie-de-peppie.nl\/pl\/wp-json\/wp\/v2\/media?parent=174"}],"curies":[{"name":"wp","href":"https:\/\/api.w.org\/{rel}","templated":true}]}}