{"id":176,"date":"2020-07-06T10:26:14","date_gmt":"2020-07-06T08:26:14","guid":{"rendered":"https:\/\/heppie-de-peppie.nl\/oswiadczenie\/"},"modified":"2023-05-02T16:22:23","modified_gmt":"2023-05-02T14:22:23","slug":"oswiadczenie","status":"publish","type":"page","link":"https:\/\/heppie-de-peppie.nl\/pl\/oswiadczenie\/","title":{"rendered":"O\u015bwiadczenie"},"content":{"rendered":"\n<h3 class=\"has-primary-color has-text-color wp-block-heading\">Prawa autorskie<\/h3>\n\n<p>Prawa autorskie do niniejszej strony internetowej nale\u017c\u0105 do firmy iSeleQt. Aplikacja Heppie-de-Peppie jest cz\u0119\u015bci\u0105 us\u0142ug oferowanych przez iSeleQt &#8211; Zadowolenie z pracy. Wszystkie tre\u015bci (cyfrowe) s\u0105 w\u0142asno\u015bci\u0105 iSeleQt. Powielanie w jakiejkolwiek formie jest dozwolone wy\u0142\u0105cznie za uprzedni\u0105 zgod\u0105 iSeleQt. Zdj\u0119cia i filmy s\u0105 r\u00f3wnie\u017c w\u0142asno\u015bci\u0105 iSeleQt, o ile nie zaznaczono inaczej. Nieautoryzowane lub niew\u0142a\u015bciwe wykorzystanie tre\u015bci lub ich cz\u0119\u015bci narusza tak\u017ce prawa w\u0142asno\u015bci intelektualnej.&#13;\nZgoda na wykorzystanie wy\u015bwietlanych tre\u015bci lub ich cz\u0119\u015bci w miejscach dost\u0119pnych publicznie wymaga zg\u0142oszenia pisemnej pro\u015bby. W razie jakichkolwiek pyta\u0144 lub w\u0105tpliwo\u015bci w tej kwestii, mo\u017cesz si\u0119 z nami skontaktowa\u0107.<\/p>\n\n<h3 class=\"has-primary-color has-text-color wp-block-heading\">Dost\u0119pno\u015b\u0107<\/h3>\n\n<p>Informacje umieszczone na niniejszej stronie internetowej mog\u0105 zosta\u0107 zmienione lub usuni\u0119te przez iSeleQt bez uprzedniego powiadomienia. Dok\u0142adamy wszelkich stara\u0144, aby strona internetowa by\u0142a dost\u0119pna, ale nie ponosimy \u017cadnej odpowiedzialno\u015bci za skutki (tymczasowej) niedost\u0119pno\u015bci tej strony lub strony internetowej z ni\u0105 powi\u0105zanej (w celach pomiaru).<\/p>\n\n<h3 class=\"has-primary-color has-text-color wp-block-heading\">Odpowiedzialno\u015b\u0107 cywilna<\/h3>\n\n<p>Wszystkie informacje znajduj\u0105ce si\u0119 na niniejszej stronie internetowej s\u0105 przeznaczone do u\u017cytku osobistego. Nie mo\u017cna wywodzi\u0107 \u017cadnych praw zwi\u0105zanych z nimi. Z zastrze\u017ceniem zmian i b\u0142\u0119d\u00f3w pisowni. Dok\u0142adamy wszelkich stara\u0144, aby strona internetowa by\u0142a kompletna i rzetelna. Firma iSeleQt nie ponosi \u017cadnej odpowiedzialno\u015bci za szkody w jakikolwiek spos\u00f3b spowodowane wykorzystaniem, niekompletno\u015bci\u0105 i\/lub b\u0142\u0119dno\u015bci\u0105 informacji oferowanych na stronie internetowej.&#13;\nPodczas korzystania z hiper\u0142\u0105czy (odsy\u0142aj\u0105cych do innych stron internetowych) iSeleQt nie ponosi odpowiedzialno\u015bci za informacje podane na tych stronach. Nie ponosimy r\u00f3wnie\u017c odpowiedzialno\u015bci za jakiekolwiek szkody, kt\u00f3re mog\u0105 powsta\u0107 w wyniku tych dzia\u0142a\u0144.<\/p>\n\n<h3 class=\"has-primary-color has-text-color wp-block-heading\">Pliki cookie<\/h3>\n\n<p>Niniejsza strona internetowa korzysta z plik\u00f3w cookie. Dzi\u0119ki nim nasza strona internetowa jest przyja\u017aniejsza dla u\u017cytkownika. Ponadto pliki cookie dostarczaj\u0105 nam informacji, kt\u00f3re pozwalaj\u0105 nam na dalsz\u0105 optymalizacj\u0119 naszej strony internetowej. Je\u015bli chcesz korzysta\u0107 z naszej strony internetowej i us\u0142ug, zostaniesz poproszony o wyra\u017cenie zgody na umieszczanie plik\u00f3w cookie. <\/p>\n","protected":false},"excerpt":{"rendered":"<p>Prawa autorskie Prawa autorskie do niniejszej strony internetowej nale\u017c\u0105 do firmy iSeleQt. Aplikacja Heppie-de-Peppie jest cz\u0119\u015bci\u0105 us\u0142ug oferowanych przez iSeleQt &#8211; Zadowolenie z pracy. Wszystkie tre\u015bci (cyfrowe) s\u0105 w\u0142asno\u015bci\u0105 iSeleQt. Powielanie w jakiejkolwiek formie jest dozwolone wy\u0142\u0105cznie za uprzedni\u0105 zgod\u0105 iSeleQt. Zdj\u0119cia i filmy s\u0105 r\u00f3wnie\u017c w\u0142asno\u015bci\u0105 iSeleQt, o ile nie zaznaczono inaczej. Nieautoryzowane lub &hellip; <a href=\"https:\/\/heppie-de-peppie.nl\/pl\/oswiadczenie\/\">Continued<\/a><\/p>\n","protected":false},"author":1,"featured_media":0,"parent":0,"menu_order":6,"comment_status":"closed","ping_status":"closed","template":"","meta":{"inline_featured_image":false},"acf":[],"yoast_head":"<!-- This site is optimized with the Yoast SEO plugin v20.6 - https:\/\/yoast.com\/wordpress\/plugins\/seo\/ -->\n<title>O\u015bwiadczenie - Heppie de Peppie<\/title>\n<meta name=\"robots\" content=\"index, follow, max-snippet:-1, max-image-preview:large, max-video-preview:-1\" \/>\n<link rel=\"canonical\" href=\"https:\/\/heppie-de-peppie.nl\/pl\/oswiadczenie\/\" \/>\n<meta property=\"og:locale\" content=\"pl_PL\" \/>\n<meta property=\"og:type\" content=\"article\" \/>\n<meta property=\"og:title\" content=\"O\u015bwiadczenie - Heppie de Peppie\" \/>\n<meta property=\"og:description\" content=\"Prawa autorskie Prawa autorskie do niniejszej strony internetowej nale\u017c\u0105 do firmy iSeleQt. Aplikacja Heppie-de-Peppie jest cz\u0119\u015bci\u0105 us\u0142ug oferowanych przez iSeleQt &#8211; Zadowolenie z pracy. Wszystkie tre\u015bci (cyfrowe) s\u0105 w\u0142asno\u015bci\u0105 iSeleQt. Powielanie w jakiejkolwiek formie jest dozwolone wy\u0142\u0105cznie za uprzedni\u0105 zgod\u0105 iSeleQt. Zdj\u0119cia i filmy s\u0105 r\u00f3wnie\u017c w\u0142asno\u015bci\u0105 iSeleQt, o ile nie zaznaczono inaczej. Nieautoryzowane lub &hellip; Continued\" \/>\n<meta property=\"og:url\" content=\"https:\/\/heppie-de-peppie.nl\/pl\/oswiadczenie\/\" \/>\n<meta property=\"og:site_name\" content=\"Heppie de Peppie\" \/>\n<meta property=\"article:modified_time\" content=\"2023-05-02T14:22:23+00:00\" \/>\n<meta property=\"og:image\" content=\"https:\/\/heppie-de-peppie.nl\/app\/uploads\/2020\/07\/hdp-fb-open-graph.jpg\" \/>\n\t<meta property=\"og:image:width\" content=\"1200\" \/>\n\t<meta property=\"og:image:height\" content=\"630\" \/>\n\t<meta property=\"og:image:type\" content=\"image\/jpeg\" \/>\n<meta name=\"twitter:card\" content=\"summary_large_image\" \/>\n<meta name=\"twitter:label1\" content=\"Est. reading time\" \/>\n\t<meta name=\"twitter:data1\" content=\"2 minutes\" \/>\n<script type=\"application\/ld+json\" class=\"yoast-schema-graph\">{\"@context\":\"https:\/\/schema.org\",\"@graph\":[{\"@type\":\"WebPage\",\"@id\":\"https:\/\/heppie-de-peppie.nl\/pl\/oswiadczenie\/\",\"url\":\"https:\/\/heppie-de-peppie.nl\/pl\/oswiadczenie\/\",\"name\":\"O\u015bwiadczenie - Heppie de Peppie\",\"isPartOf\":{\"@id\":\"https:\/\/heppie-de-peppie.nl\/pl\/#website\"},\"datePublished\":\"2020-07-06T08:26:14+00:00\",\"dateModified\":\"2023-05-02T14:22:23+00:00\",\"breadcrumb\":{\"@id\":\"https:\/\/heppie-de-peppie.nl\/pl\/oswiadczenie\/#breadcrumb\"},\"inLanguage\":\"pl-PL\",\"potentialAction\":[{\"@type\":\"ReadAction\",\"target\":[\"https:\/\/heppie-de-peppie.nl\/pl\/oswiadczenie\/\"]}]},{\"@type\":\"BreadcrumbList\",\"@id\":\"https:\/\/heppie-de-peppie.nl\/pl\/oswiadczenie\/#breadcrumb\",\"itemListElement\":[{\"@type\":\"ListItem\",\"position\":1,\"name\":\"Home\",\"item\":\"https:\/\/heppie-de-peppie.nl\/pl\/\"},{\"@type\":\"ListItem\",\"position\":2,\"name\":\"O\u015bwiadczenie\"}]},{\"@type\":\"WebSite\",\"@id\":\"https:\/\/heppie-de-peppie.nl\/pl\/#website\",\"url\":\"https:\/\/heppie-de-peppie.nl\/pl\/\",\"name\":\"Heppie de Peppie\",\"description\":\"Meer werkgeluk, minder verzuim!\",\"publisher\":{\"@id\":\"https:\/\/heppie-de-peppie.nl\/pl\/#organization\"},\"potentialAction\":[{\"@type\":\"SearchAction\",\"target\":{\"@type\":\"EntryPoint\",\"urlTemplate\":\"https:\/\/heppie-de-peppie.nl\/pl\/?s={search_term_string}\"},\"query-input\":\"required name=search_term_string\"}],\"inLanguage\":\"pl-PL\"},{\"@type\":\"Organization\",\"@id\":\"https:\/\/heppie-de-peppie.nl\/pl\/#organization\",\"name\":\"Heppie-de-Peppie\",\"url\":\"https:\/\/heppie-de-peppie.nl\/pl\/\",\"logo\":{\"@type\":\"ImageObject\",\"inLanguage\":\"pl-PL\",\"@id\":\"https:\/\/heppie-de-peppie.nl\/pl\/#\/schema\/logo\/image\/\",\"url\":\"https:\/\/heppie-de-peppie.nl\/app\/uploads\/2020\/07\/logo-hdp.svg\",\"contentUrl\":\"https:\/\/heppie-de-peppie.nl\/app\/uploads\/2020\/07\/logo-hdp.svg\",\"width\":1024,\"height\":1024,\"caption\":\"Heppie-de-Peppie\"},\"image\":{\"@id\":\"https:\/\/heppie-de-peppie.nl\/pl\/#\/schema\/logo\/image\/\"}}]}<\/script>\n<!-- \/ Yoast SEO plugin. -->","yoast_head_json":{"title":"O\u015bwiadczenie - Heppie de Peppie","robots":{"index":"index","follow":"follow","max-snippet":"max-snippet:-1","max-image-preview":"max-image-preview:large","max-video-preview":"max-video-preview:-1"},"canonical":"https:\/\/heppie-de-peppie.nl\/pl\/oswiadczenie\/","og_locale":"pl_PL","og_type":"article","og_title":"O\u015bwiadczenie - Heppie de Peppie","og_description":"Prawa autorskie Prawa autorskie do niniejszej strony internetowej nale\u017c\u0105 do firmy iSeleQt. Aplikacja Heppie-de-Peppie jest cz\u0119\u015bci\u0105 us\u0142ug oferowanych przez iSeleQt &#8211; Zadowolenie z pracy. Wszystkie tre\u015bci (cyfrowe) s\u0105 w\u0142asno\u015bci\u0105 iSeleQt. Powielanie w jakiejkolwiek formie jest dozwolone wy\u0142\u0105cznie za uprzedni\u0105 zgod\u0105 iSeleQt. Zdj\u0119cia i filmy s\u0105 r\u00f3wnie\u017c w\u0142asno\u015bci\u0105 iSeleQt, o ile nie zaznaczono inaczej. Nieautoryzowane lub &hellip; Continued","og_url":"https:\/\/heppie-de-peppie.nl\/pl\/oswiadczenie\/","og_site_name":"Heppie de Peppie","article_modified_time":"2023-05-02T14:22:23+00:00","og_image":[{"width":1200,"height":630,"url":"https:\/\/heppie-de-peppie.nl\/app\/uploads\/2020\/07\/hdp-fb-open-graph.jpg","type":"image\/jpeg"}],"twitter_card":"summary_large_image","twitter_misc":{"Est. reading time":"2 minutes"},"schema":{"@context":"https:\/\/schema.org","@graph":[{"@type":"WebPage","@id":"https:\/\/heppie-de-peppie.nl\/pl\/oswiadczenie\/","url":"https:\/\/heppie-de-peppie.nl\/pl\/oswiadczenie\/","name":"O\u015bwiadczenie - Heppie de Peppie","isPartOf":{"@id":"https:\/\/heppie-de-peppie.nl\/pl\/#website"},"datePublished":"2020-07-06T08:26:14+00:00","dateModified":"2023-05-02T14:22:23+00:00","breadcrumb":{"@id":"https:\/\/heppie-de-peppie.nl\/pl\/oswiadczenie\/#breadcrumb"},"inLanguage":"pl-PL","potentialAction":[{"@type":"ReadAction","target":["https:\/\/heppie-de-peppie.nl\/pl\/oswiadczenie\/"]}]},{"@type":"BreadcrumbList","@id":"https:\/\/heppie-de-peppie.nl\/pl\/oswiadczenie\/#breadcrumb","itemListElement":[{"@type":"ListItem","position":1,"name":"Home","item":"https:\/\/heppie-de-peppie.nl\/pl\/"},{"@type":"ListItem","position":2,"name":"O\u015bwiadczenie"}]},{"@type":"WebSite","@id":"https:\/\/heppie-de-peppie.nl\/pl\/#website","url":"https:\/\/heppie-de-peppie.nl\/pl\/","name":"Heppie de Peppie","description":"Meer werkgeluk, minder verzuim!","publisher":{"@id":"https:\/\/heppie-de-peppie.nl\/pl\/#organization"},"potentialAction":[{"@type":"SearchAction","target":{"@type":"EntryPoint","urlTemplate":"https:\/\/heppie-de-peppie.nl\/pl\/?s={search_term_string}"},"query-input":"required name=search_term_string"}],"inLanguage":"pl-PL"},{"@type":"Organization","@id":"https:\/\/heppie-de-peppie.nl\/pl\/#organization","name":"Heppie-de-Peppie","url":"https:\/\/heppie-de-peppie.nl\/pl\/","logo":{"@type":"ImageObject","inLanguage":"pl-PL","@id":"https:\/\/heppie-de-peppie.nl\/pl\/#\/schema\/logo\/image\/","url":"https:\/\/heppie-de-peppie.nl\/app\/uploads\/2020\/07\/logo-hdp.svg","contentUrl":"https:\/\/heppie-de-peppie.nl\/app\/uploads\/2020\/07\/logo-hdp.svg","width":1024,"height":1024,"caption":"Heppie-de-Peppie"},"image":{"@id":"https:\/\/heppie-de-peppie.nl\/pl\/#\/schema\/logo\/image\/"}}]}},"_links":{"self":[{"href":"https:\/\/heppie-de-peppie.nl\/pl\/wp-json\/wp\/v2\/pages\/176"}],"collection":[{"href":"https:\/\/heppie-de-peppie.nl\/pl\/wp-json\/wp\/v2\/pages"}],"about":[{"href":"https:\/\/heppie-de-peppie.nl\/pl\/wp-json\/wp\/v2\/types\/page"}],"author":[{"embeddable":true,"href":"https:\/\/heppie-de-peppie.nl\/pl\/wp-json\/wp\/v2\/users\/1"}],"replies":[{"embeddable":true,"href":"https:\/\/heppie-de-peppie.nl\/pl\/wp-json\/wp\/v2\/comments?post=176"}],"version-history":[{"count":1,"href":"https:\/\/heppie-de-peppie.nl\/pl\/wp-json\/wp\/v2\/pages\/176\/revisions"}],"predecessor-version":[{"id":177,"href":"https:\/\/heppie-de-peppie.nl\/pl\/wp-json\/wp\/v2\/pages\/176\/revisions\/177"}],"wp:attachment":[{"href":"https:\/\/heppie-de-peppie.nl\/pl\/wp-json\/wp\/v2\/media?parent=176"}],"curies":[{"name":"wp","href":"https:\/\/api.w.org\/{rel}","templated":true}]}}