{"id":214,"date":"2020-07-01T06:56:53","date_gmt":"2020-07-01T04:56:53","guid":{"rendered":"https:\/\/heppie-de-peppie.nl\/prywatnosc\/"},"modified":"2023-05-09T08:31:02","modified_gmt":"2023-05-09T06:31:02","slug":"prywatnosc","status":"publish","type":"page","link":"https:\/\/heppie-de-peppie.nl\/pl\/prywatnosc\/","title":{"rendered":"Prywatno\u015b\u0107"},"content":{"rendered":"\n<h3 class=\"has-primary-color has-text-color wp-block-heading\">Prywatno\u015b\u0107<\/h3>\n\n<p><strong>Heppie-de-Peppie szanuje prywatno\u015b\u0107 wszystkich u\u017cytkownik\u00f3w: organizacji i kandydat\u00f3w. Traktujemy dane osobowe, kt\u00f3re nam przekazujesz, z zachowaniem \u015bcis\u0142ej poufno\u015bci. U\u017cywamy Twoich danych wy\u0142\u0105cznie w celu szybkiego i \u0142atwego \u015bwiadczenia naszych us\u0142ug.<\/strong><\/p>\n\n<h3 class=\"has-primary-color has-text-color wp-block-heading\">Co Heppie-de-Peppie robi z Twoimi danymi?<\/h3>\n\n<p>Podczas rejestracji potrzebujemy Twojego imienia i nazwiska oraz adresu e-mail. U\u017cywamy Twojego adresu e-mail, aby informowa\u0107 Ci\u0119 o post\u0119pach, przesy\u0142a\u0107 informacje i informowa\u0107 Ci\u0119 o bie\u017c\u0105cych sprawach. Je\u015bli uczestniczysz w programie i korzystasz z aplikacji, mo\u017cesz poda\u0107 nazw\u0119 u\u017cytkownika i has\u0142o. Ma to t\u0119 zalet\u0119, \u017ce wystarczy raz wpisa\u0107 swoje imi\u0119 i nazwisko, numer telefonu i adres e-mail. Przechowujemy te dane na bezpiecznym serwerze.<\/p>\n\n<h3 class=\"has-primary-color has-text-color wp-block-heading\">100% anonimowy<\/h3>\n\n<p>Raporty i\/lub inne informacje s\u0105 widoczne tylko dla os\u00f3b upowa\u017cnionych przez Heppie-de-Peppie. Nigdy nie s\u0105 udost\u0119pniane osobom trzecim. Dane s\u0105 w 100% anonimizowane do dalszych (naukowych) bada\u0144. Dlatego nie mo\u017cna ustali\u0107 \u017cadnego zwi\u0105zku mi\u0119dzy osobami a wynikami bada\u0144.<\/p>\n\n<h3 class=\"has-primary-color has-text-color wp-block-heading\">100% poufne<\/h3>\n\n<p>Heppie-de-Peppie b\u0119dzie wykorzystywa\u0107 Twoje dane osobowe wy\u0142\u0105cznie w celu udzielania Tobie i Twojemu pracodawcy porad dotycz\u0105cych utrzymania lub uzyskania wi\u0119kszego szcz\u0119\u015bcia w pracy oraz prowadzenia ukierunkowanych bada\u0144. W tym celu wymagana jest wyra\u017ana zgoda obu stron. Dane b\u0119d\u0105 udost\u0119pniane wy\u0142\u0105cznie stronom trzecim zaanga\u017cowanym w realizacj\u0119 Twojego zlecenia. Nasi pracownicy i zaanga\u017cowane przez nas strony s\u0105 zobowi\u0105zane do zachowania poufno\u015bci Twoich danych.<\/p>\n\n<h3 class=\"has-primary-color has-text-color wp-block-heading\">100% dow\u00f3d na RODO<\/h3>\n\n<p>Automatyzacja i przetwarzanie danych w Heppie-de-Peppie jest w pe\u0142ni zgodne z obowi\u0105zuj\u0105cymi przepisami prawnymi opisanymi w ustawie o og\u00f3lnym rozporz\u0105dzeniu o ochronie danych (RODO). Przechowujemy Twoje dane osobowe w celu informowania i doradzania kandydatom i organizacjom w kwestiach zwi\u0105zanych ze szcz\u0119\u015bciem w pracy. W ka\u017cdej chwili masz prawo do \u201ebycia zapomnianym\u201d, w takim przypadku usuniemy Twoje dane z naszego systemu. Mo\u017cesz z\u0142o\u017cy\u0107 wniosek w tej sprawie do swojego pracodawcy.<\/p>\n","protected":false},"excerpt":{"rendered":"<p>Prywatno\u015b\u0107 Heppie-de-Peppie szanuje prywatno\u015b\u0107 wszystkich u\u017cytkownik\u00f3w: organizacji i kandydat\u00f3w. Traktujemy dane osobowe, kt\u00f3re nam przekazujesz, z zachowaniem \u015bcis\u0142ej poufno\u015bci. U\u017cywamy Twoich danych wy\u0142\u0105cznie w celu szybkiego i \u0142atwego \u015bwiadczenia naszych us\u0142ug. Co Heppie-de-Peppie robi z Twoimi danymi? Podczas rejestracji potrzebujemy Twojego imienia i nazwiska oraz adresu e-mail. U\u017cywamy Twojego adresu e-mail, aby informowa\u0107 Ci\u0119 o &hellip; <a href=\"https:\/\/heppie-de-peppie.nl\/pl\/prywatnosc\/\">Continued<\/a><\/p>\n","protected":false},"author":1,"featured_media":0,"parent":0,"menu_order":7,"comment_status":"closed","ping_status":"closed","template":"","meta":{"inline_featured_image":false},"acf":[],"yoast_head":"<!-- This site is optimized with the Yoast SEO plugin v20.6 - https:\/\/yoast.com\/wordpress\/plugins\/seo\/ -->\n<title>Prywatno\u015b\u0107 - Heppie de Peppie<\/title>\n<meta name=\"robots\" content=\"index, follow, max-snippet:-1, max-image-preview:large, max-video-preview:-1\" \/>\n<link rel=\"canonical\" href=\"https:\/\/heppie-de-peppie.nl\/pl\/prywatnosc\/\" \/>\n<meta property=\"og:locale\" content=\"pl_PL\" \/>\n<meta property=\"og:type\" content=\"article\" \/>\n<meta property=\"og:title\" content=\"Prywatno\u015b\u0107 - Heppie de Peppie\" \/>\n<meta property=\"og:description\" content=\"Prywatno\u015b\u0107 Heppie-de-Peppie szanuje prywatno\u015b\u0107 wszystkich u\u017cytkownik\u00f3w: organizacji i kandydat\u00f3w. Traktujemy dane osobowe, kt\u00f3re nam przekazujesz, z zachowaniem \u015bcis\u0142ej poufno\u015bci. U\u017cywamy Twoich danych wy\u0142\u0105cznie w celu szybkiego i \u0142atwego \u015bwiadczenia naszych us\u0142ug. Co Heppie-de-Peppie robi z Twoimi danymi? Podczas rejestracji potrzebujemy Twojego imienia i nazwiska oraz adresu e-mail. U\u017cywamy Twojego adresu e-mail, aby informowa\u0107 Ci\u0119 o &hellip; Continued\" \/>\n<meta property=\"og:url\" content=\"https:\/\/heppie-de-peppie.nl\/pl\/prywatnosc\/\" \/>\n<meta property=\"og:site_name\" content=\"Heppie de Peppie\" \/>\n<meta property=\"article:modified_time\" content=\"2023-05-09T06:31:02+00:00\" \/>\n<meta property=\"og:image\" content=\"https:\/\/heppie-de-peppie.nl\/app\/uploads\/2020\/07\/hdp-fb-open-graph.jpg\" \/>\n\t<meta property=\"og:image:width\" content=\"1200\" \/>\n\t<meta property=\"og:image:height\" content=\"630\" \/>\n\t<meta property=\"og:image:type\" content=\"image\/jpeg\" \/>\n<meta name=\"twitter:card\" content=\"summary_large_image\" \/>\n<meta name=\"twitter:label1\" content=\"Est. reading time\" \/>\n\t<meta name=\"twitter:data1\" content=\"2 minutes\" \/>\n<script type=\"application\/ld+json\" class=\"yoast-schema-graph\">{\"@context\":\"https:\/\/schema.org\",\"@graph\":[{\"@type\":\"WebPage\",\"@id\":\"https:\/\/heppie-de-peppie.nl\/pl\/prywatnosc\/\",\"url\":\"https:\/\/heppie-de-peppie.nl\/pl\/prywatnosc\/\",\"name\":\"Prywatno\u015b\u0107 - Heppie de Peppie\",\"isPartOf\":{\"@id\":\"https:\/\/heppie-de-peppie.nl\/pl\/#website\"},\"datePublished\":\"2020-07-01T04:56:53+00:00\",\"dateModified\":\"2023-05-09T06:31:02+00:00\",\"breadcrumb\":{\"@id\":\"https:\/\/heppie-de-peppie.nl\/pl\/prywatnosc\/#breadcrumb\"},\"inLanguage\":\"pl-PL\",\"potentialAction\":[{\"@type\":\"ReadAction\",\"target\":[\"https:\/\/heppie-de-peppie.nl\/pl\/prywatnosc\/\"]}]},{\"@type\":\"BreadcrumbList\",\"@id\":\"https:\/\/heppie-de-peppie.nl\/pl\/prywatnosc\/#breadcrumb\",\"itemListElement\":[{\"@type\":\"ListItem\",\"position\":1,\"name\":\"Home\",\"item\":\"https:\/\/heppie-de-peppie.nl\/pl\/\"},{\"@type\":\"ListItem\",\"position\":2,\"name\":\"Prywatno\u015b\u0107\"}]},{\"@type\":\"WebSite\",\"@id\":\"https:\/\/heppie-de-peppie.nl\/pl\/#website\",\"url\":\"https:\/\/heppie-de-peppie.nl\/pl\/\",\"name\":\"Heppie de Peppie\",\"description\":\"Meer werkgeluk, minder verzuim!\",\"publisher\":{\"@id\":\"https:\/\/heppie-de-peppie.nl\/pl\/#organization\"},\"potentialAction\":[{\"@type\":\"SearchAction\",\"target\":{\"@type\":\"EntryPoint\",\"urlTemplate\":\"https:\/\/heppie-de-peppie.nl\/pl\/?s={search_term_string}\"},\"query-input\":\"required name=search_term_string\"}],\"inLanguage\":\"pl-PL\"},{\"@type\":\"Organization\",\"@id\":\"https:\/\/heppie-de-peppie.nl\/pl\/#organization\",\"name\":\"Heppie-de-Peppie\",\"url\":\"https:\/\/heppie-de-peppie.nl\/pl\/\",\"logo\":{\"@type\":\"ImageObject\",\"inLanguage\":\"pl-PL\",\"@id\":\"https:\/\/heppie-de-peppie.nl\/pl\/#\/schema\/logo\/image\/\",\"url\":\"https:\/\/heppie-de-peppie.nl\/app\/uploads\/2020\/07\/logo-hdp.svg\",\"contentUrl\":\"https:\/\/heppie-de-peppie.nl\/app\/uploads\/2020\/07\/logo-hdp.svg\",\"width\":1024,\"height\":1024,\"caption\":\"Heppie-de-Peppie\"},\"image\":{\"@id\":\"https:\/\/heppie-de-peppie.nl\/pl\/#\/schema\/logo\/image\/\"}}]}<\/script>\n<!-- \/ Yoast SEO plugin. -->","yoast_head_json":{"title":"Prywatno\u015b\u0107 - Heppie de Peppie","robots":{"index":"index","follow":"follow","max-snippet":"max-snippet:-1","max-image-preview":"max-image-preview:large","max-video-preview":"max-video-preview:-1"},"canonical":"https:\/\/heppie-de-peppie.nl\/pl\/prywatnosc\/","og_locale":"pl_PL","og_type":"article","og_title":"Prywatno\u015b\u0107 - Heppie de Peppie","og_description":"Prywatno\u015b\u0107 Heppie-de-Peppie szanuje prywatno\u015b\u0107 wszystkich u\u017cytkownik\u00f3w: organizacji i kandydat\u00f3w. Traktujemy dane osobowe, kt\u00f3re nam przekazujesz, z zachowaniem \u015bcis\u0142ej poufno\u015bci. U\u017cywamy Twoich danych wy\u0142\u0105cznie w celu szybkiego i \u0142atwego \u015bwiadczenia naszych us\u0142ug. Co Heppie-de-Peppie robi z Twoimi danymi? Podczas rejestracji potrzebujemy Twojego imienia i nazwiska oraz adresu e-mail. U\u017cywamy Twojego adresu e-mail, aby informowa\u0107 Ci\u0119 o &hellip; Continued","og_url":"https:\/\/heppie-de-peppie.nl\/pl\/prywatnosc\/","og_site_name":"Heppie de Peppie","article_modified_time":"2023-05-09T06:31:02+00:00","og_image":[{"width":1200,"height":630,"url":"https:\/\/heppie-de-peppie.nl\/app\/uploads\/2020\/07\/hdp-fb-open-graph.jpg","type":"image\/jpeg"}],"twitter_card":"summary_large_image","twitter_misc":{"Est. reading time":"2 minutes"},"schema":{"@context":"https:\/\/schema.org","@graph":[{"@type":"WebPage","@id":"https:\/\/heppie-de-peppie.nl\/pl\/prywatnosc\/","url":"https:\/\/heppie-de-peppie.nl\/pl\/prywatnosc\/","name":"Prywatno\u015b\u0107 - Heppie de Peppie","isPartOf":{"@id":"https:\/\/heppie-de-peppie.nl\/pl\/#website"},"datePublished":"2020-07-01T04:56:53+00:00","dateModified":"2023-05-09T06:31:02+00:00","breadcrumb":{"@id":"https:\/\/heppie-de-peppie.nl\/pl\/prywatnosc\/#breadcrumb"},"inLanguage":"pl-PL","potentialAction":[{"@type":"ReadAction","target":["https:\/\/heppie-de-peppie.nl\/pl\/prywatnosc\/"]}]},{"@type":"BreadcrumbList","@id":"https:\/\/heppie-de-peppie.nl\/pl\/prywatnosc\/#breadcrumb","itemListElement":[{"@type":"ListItem","position":1,"name":"Home","item":"https:\/\/heppie-de-peppie.nl\/pl\/"},{"@type":"ListItem","position":2,"name":"Prywatno\u015b\u0107"}]},{"@type":"WebSite","@id":"https:\/\/heppie-de-peppie.nl\/pl\/#website","url":"https:\/\/heppie-de-peppie.nl\/pl\/","name":"Heppie de Peppie","description":"Meer werkgeluk, minder verzuim!","publisher":{"@id":"https:\/\/heppie-de-peppie.nl\/pl\/#organization"},"potentialAction":[{"@type":"SearchAction","target":{"@type":"EntryPoint","urlTemplate":"https:\/\/heppie-de-peppie.nl\/pl\/?s={search_term_string}"},"query-input":"required name=search_term_string"}],"inLanguage":"pl-PL"},{"@type":"Organization","@id":"https:\/\/heppie-de-peppie.nl\/pl\/#organization","name":"Heppie-de-Peppie","url":"https:\/\/heppie-de-peppie.nl\/pl\/","logo":{"@type":"ImageObject","inLanguage":"pl-PL","@id":"https:\/\/heppie-de-peppie.nl\/pl\/#\/schema\/logo\/image\/","url":"https:\/\/heppie-de-peppie.nl\/app\/uploads\/2020\/07\/logo-hdp.svg","contentUrl":"https:\/\/heppie-de-peppie.nl\/app\/uploads\/2020\/07\/logo-hdp.svg","width":1024,"height":1024,"caption":"Heppie-de-Peppie"},"image":{"@id":"https:\/\/heppie-de-peppie.nl\/pl\/#\/schema\/logo\/image\/"}}]}},"_links":{"self":[{"href":"https:\/\/heppie-de-peppie.nl\/pl\/wp-json\/wp\/v2\/pages\/214"}],"collection":[{"href":"https:\/\/heppie-de-peppie.nl\/pl\/wp-json\/wp\/v2\/pages"}],"about":[{"href":"https:\/\/heppie-de-peppie.nl\/pl\/wp-json\/wp\/v2\/types\/page"}],"author":[{"embeddable":true,"href":"https:\/\/heppie-de-peppie.nl\/pl\/wp-json\/wp\/v2\/users\/1"}],"replies":[{"embeddable":true,"href":"https:\/\/heppie-de-peppie.nl\/pl\/wp-json\/wp\/v2\/comments?post=214"}],"version-history":[{"count":1,"href":"https:\/\/heppie-de-peppie.nl\/pl\/wp-json\/wp\/v2\/pages\/214\/revisions"}],"predecessor-version":[{"id":215,"href":"https:\/\/heppie-de-peppie.nl\/pl\/wp-json\/wp\/v2\/pages\/214\/revisions\/215"}],"wp:attachment":[{"href":"https:\/\/heppie-de-peppie.nl\/pl\/wp-json\/wp\/v2\/media?parent=214"}],"curies":[{"name":"wp","href":"https:\/\/api.w.org\/{rel}","templated":true}]}}